{"id":4966,"date":"2025-07-18T08:48:27","date_gmt":"2025-07-18T14:48:27","guid":{"rendered":"https:\/\/psicologoscatolicos.com.mx\/?page_id=4966"},"modified":"2025-07-18T08:51:12","modified_gmt":"2025-07-18T14:51:12","slug":"galeria-eventos","status":"publish","type":"page","link":"https:\/\/psicologoscatolicos.com.mx\/index.php\/galeria-eventos\/","title":{"rendered":"Galer\u00eda eventos"},"content":{"rendered":"\t\t<div data-elementor-type=\"wp-page\" data-elementor-id=\"4966\" class=\"elementor elementor-4966\">\n\t\t\t\t        <section class=\"elementor-section elementor-top-section elementor-element elementor-element-934d137 elementor-section-content-middle elementor-section-boxed elementor-section-height-default elementor-section-height-default ct-header-fixed-none ct-row-max-none\" data-id=\"934d137\" data-element_type=\"section\">\n            \n                        <div class=\"elementor-container elementor-column-gap-extended \">\n                    <div class=\"elementor-column elementor-col-50 elementor-top-column elementor-element elementor-element-b2993d5\" data-id=\"b2993d5\" data-element_type=\"column\">\n        <div class=\"elementor-widget-wrap elementor-element-populated\">\n                    \n        \t\t<div class=\"elementor-element elementor-element-d7e414a elementor-widget elementor-widget-ct_heading\" data-id=\"d7e414a\" data-element_type=\"widget\" data-widget_type=\"ct_heading.default\">\n\t\t\t\t<div class=\"elementor-widget-container\">\n\t\t\t\t\t<div id=\"ct_heading-d7e414a\" class=\"ct-heading h-align- sub- ct-heading-left item-st-line-left1\">\r\n\t<div class=\"ct-item--inner\">\r\n        <div class=\"ct-inline-css\"  data-css=\"\r\n            \">\r\n        <\/div>\r\n                <h3 class=\"item--title st-line-left1 case-animate-time\" data-wow-delay=\"ms\">\r\n                        <span class=\"sp-main\">\r\n                                    <i><\/i>\r\n                \r\n                Memoria grafica de nuestras actividades a lo largo del a\u00f1o\r\n                \r\n                            <\/span>\r\n                    <\/h3>\r\n    <\/div>\r\n<\/div>\t\t\t\t<\/div>\n\t\t\t\t<\/div>\n\t\t            <\/div>\n        <\/div>\n                <div class=\"elementor-column elementor-col-50 elementor-top-column elementor-element elementor-element-c5cb0c2\" data-id=\"c5cb0c2\" data-element_type=\"column\">\n        <div class=\"elementor-widget-wrap elementor-element-populated\">\n                    \n        \t\t<div class=\"elementor-element elementor-element-255149c elementor-widget elementor-widget-text-editor\" data-id=\"255149c\" data-element_type=\"widget\" data-widget_type=\"text-editor.default\">\n\t\t\t\t<div class=\"elementor-widget-container\">\n\t\t\t\t\t\t\t\t\t<p>Un \u00b4poco de nuestros eventos, talleres y actividades como comunidad.<\/p>\t\t\t\t\t\t\t\t<\/div>\n\t\t\t\t<\/div>\n\t\t            <\/div>\n        <\/div>\n                    <\/div>\n        <\/section>\n                <section class=\"elementor-section elementor-top-section elementor-element elementor-element-228c27a elementor-section-boxed elementor-section-height-default elementor-section-height-default ct-header-fixed-none ct-row-max-none\" data-id=\"228c27a\" data-element_type=\"section\">\n            \n                        <div class=\"elementor-container elementor-column-gap-extended \">\n                    <div class=\"elementor-column elementor-col-100 elementor-top-column elementor-element elementor-element-cf73b30\" data-id=\"cf73b30\" data-element_type=\"column\">\n        <div class=\"elementor-widget-wrap elementor-element-populated\">\n                    \n        \t\t<div class=\"elementor-element elementor-element-7856011 elementor-widget elementor-widget-ct_portfolio_grid\" data-id=\"7856011\" data-element_type=\"widget\" data-widget_type=\"ct_portfolio_grid.default\">\n\t\t\t\t<div class=\"elementor-widget-container\">\n\t\t\t\t\t\r\n<div id=\"ct_portfolio_grid-7856011\" class=\"ct-grid ct-portfolio-grid1\" data-layout=\"masonry\" data-start-page=\"1\" data-max-pages=\"1\" data-total=\"1\" data-perpage=\"8\" data-next-link=\"\">\r\n    <div class=\"ct-grid-overlay\"><\/div>\r\n            <div class=\"grid-filter-wrap\">\r\n            <span class=\"filter-item active\" data-filter=\"*\">Todas las galer\u00edas<\/span>\r\n                                                            \r\n                <span class=\"filter-item\" data-filter=\".ct-term-50\">\r\n                    Eventos CPC                <\/span>\r\n                    <\/div>\r\n    \r\n    <div class=\"ct-grid-inner ct-grid-masonry row animate-time\" data-gutter=\"15\">\r\n                            <div class=\"grid-item col-xl-3 col-lg-3 col-md-6 col-sm-6 col-12 ct-term-50\">\r\n                        <div class=\"grid-item-inner wow flipInY\">\r\n                            <div class=\"item--featured\">\r\n                                <img fetchpriority=\"high\" decoding=\"async\" class=\"disable-lazy no-lazyload \" src=\"https:\/\/psicologoscatolicos.com.mx\/wp-content\/uploads\/2025\/05\/2025-05-10_13h40_32.png\" width=\"413\" height=\"316\" alt=\"2025-05-10_13h40_32\" title=\"2025-05-10_13h40_32\" \/>                            <\/div>\r\n                            <div class=\"item--holder\">\r\n                                                                    <div class=\"item--meta\">\r\n                                                                                    <h3 class=\"item--title\"><a href=\"https:\/\/psicologoscatolicos.com.mx\/index.php\/portfolio\/inicio-de-actividades-de-la-comunidad-de-psicologos-catolicos\/\">Inicio de actividades de la comunidad de Psic\u00f3logos cat\u00f3licos<\/a><\/h3>\r\n                                                                                                                            <div class=\"item--category\">\r\n                                                <a href=\"https:\/\/psicologoscatolicos.com.mx\/index.php\/portfolio-category\/eventos-cpc\/\" rel=\"tag\">Eventos CPC<\/a>                                            <\/div>\r\n                                                                            <\/div>\r\n                                                                            <div class=\"item--readmore\">\r\n                                            <a href=\"https:\/\/psicologoscatolicos.com.mx\/index.php\/portfolio\/inicio-de-actividades-de-la-comunidad-de-psicologos-catolicos\/\"><i class=\"ct-icon-plus-lg\"><\/i><\/a>\r\n                                        <\/div>\r\n                                                                                                <\/div>\r\n                        <\/div>\r\n                    <\/div>\r\n                                                <div class=\"grid-sizer col-xl-3 col-lg-3 col-md-6 col-sm-6 col-12\"><\/div>\r\n            <\/div>\r\n        <\/div>\t\t\t\t<\/div>\n\t\t\t\t<\/div>\n\t\t            <\/div>\n        <\/div>\n                    <\/div>\n        <\/section>\n        \t\t<\/div>\n\t\t","protected":false},"excerpt":{"rendered":"<p>Memoria grafica de nuestras actividades a lo largo del a\u00f1o Un \u00b4poco de nuestros eventos, talleres y actividades como comunidad. Todas las galer\u00edas Eventos CPC Inicio de actividades de la comunidad de Psic\u00f3logos cat\u00f3licos Eventos CPC<\/p>\n","protected":false},"author":1,"featured_media":0,"parent":0,"menu_order":0,"comment_status":"closed","ping_status":"closed","template":"","meta":{"footnotes":""},"class_list":["post-4966","page","type-page","status-publish","hentry"],"_links":{"self":[{"href":"https:\/\/psicologoscatolicos.com.mx\/index.php\/wp-json\/wp\/v2\/pages\/4966","targetHints":{"allow":["GET"]}}],"collection":[{"href":"https:\/\/psicologoscatolicos.com.mx\/index.php\/wp-json\/wp\/v2\/pages"}],"about":[{"href":"https:\/\/psicologoscatolicos.com.mx\/index.php\/wp-json\/wp\/v2\/types\/page"}],"author":[{"embeddable":true,"href":"https:\/\/psicologoscatolicos.com.mx\/index.php\/wp-json\/wp\/v2\/users\/1"}],"replies":[{"embeddable":true,"href":"https:\/\/psicologoscatolicos.com.mx\/index.php\/wp-json\/wp\/v2\/comments?post=4966"}],"version-history":[{"count":4,"href":"https:\/\/psicologoscatolicos.com.mx\/index.php\/wp-json\/wp\/v2\/pages\/4966\/revisions"}],"predecessor-version":[{"id":4970,"href":"https:\/\/psicologoscatolicos.com.mx\/index.php\/wp-json\/wp\/v2\/pages\/4966\/revisions\/4970"}],"wp:attachment":[{"href":"https:\/\/psicologoscatolicos.com.mx\/index.php\/wp-json\/wp\/v2\/media?parent=4966"}],"curies":[{"name":"wp","href":"https:\/\/api.w.org\/{rel}","templated":true}]}}