{"id":4767,"date":"2025-05-10T12:32:51","date_gmt":"2025-05-10T18:32:51","guid":{"rendered":"https:\/\/psicologoscatolicos.com.mx\/?page_id=4767"},"modified":"2025-05-10T13:06:59","modified_gmt":"2025-05-10T19:06:59","slug":"terapias","status":"publish","type":"page","link":"https:\/\/psicologoscatolicos.com.mx\/index.php\/terapias\/","title":{"rendered":"Terapias"},"content":{"rendered":"\t\t<div data-elementor-type=\"wp-page\" data-elementor-id=\"4767\" class=\"elementor elementor-4767\">\n\t\t\t\t        <section class=\"elementor-section elementor-top-section elementor-element elementor-element-64fd72b8 elementor-section-boxed elementor-section-height-default elementor-section-height-default ct-header-fixed-none ct-row-max-none\" data-id=\"64fd72b8\" data-element_type=\"section\">\n            \n                        <div class=\"elementor-container elementor-column-gap-default \">\n                    <div class=\"elementor-column elementor-col-50 elementor-top-column elementor-element elementor-element-305603d7\" data-id=\"305603d7\" data-element_type=\"column\">\n        <div class=\"elementor-widget-wrap elementor-element-populated\">\n                    \n        \t\t<div class=\"elementor-element elementor-element-9da93fe line-sub-preset2 elementor-widget elementor-widget-ct_heading\" data-id=\"9da93fe\" data-element_type=\"widget\" data-widget_type=\"ct_heading.default\">\n\t\t\t\t<div class=\"elementor-widget-container\">\n\t\t\t\t\t<div id=\"ct_heading-9da93fe\" class=\"ct-heading h-align- sub-style1 ct-heading-left item-st-default\">\r\n\t<div class=\"ct-item--inner\">\r\n        <div class=\"ct-inline-css\"  data-css=\"\r\n            \">\r\n        <\/div>\r\n                <h3 class=\"item--title st-default wow wow bounce\" data-wow-delay=\"ms\">\r\n                        <span class=\"sp-main\">\r\n                \r\n                Tipos de terapia\r\n                \r\n                            <\/span>\r\n                    <\/h3>\r\n    <\/div>\r\n<\/div>\t\t\t\t<\/div>\n\t\t\t\t<\/div>\n\t\t\t\t<div class=\"elementor-element elementor-element-e023479 elementor-widget elementor-widget-ct_accordion\" data-id=\"e023479\" data-element_type=\"widget\" data-widget_type=\"ct_accordion.default\">\n\t\t\t\t<div class=\"elementor-widget-container\">\n\t\t\t\t\t    <div id=\"ct_accordion-e023479\" class=\"ct-accordion layout1 style9 \">\r\n                    <div class=\"ct-accordion-item active\">\r\n                <div class=\"ct-ac-title active\" data-target=\"#cf7925bct_accordion-e023479\">\r\n                    <a class=\"ct-ac-title-text\">\r\n                        <i aria-hidden=\"true\" class=\"fas fa-user\"><\/i>                                                Individual                        <i class=\"ct-icon-accordion\"><\/i>\r\n                    <\/a>\r\n                <\/div>\r\n                <div id=\"cf7925bct_accordion-e023479\" class=\"ct-ac-content\" style=\"display:block;\"><p>Un espacio personal donde podr\u00e1s comprenderte mejor, superar dificultades y fortalecer tu bienestar emocional y espiritual. Si te sientes abrumado, ansioso, triste o simplemente deseas conocerte m\u00e1s, la terapia individual te brinda herramientas para avanzar con claridad.<\/p><\/div>\r\n            <\/div>\r\n                    <div class=\"ct-accordion-item \">\r\n                <div class=\"ct-ac-title \" data-target=\"#24c0501ct_accordion-e023479\">\r\n                    <a class=\"ct-ac-title-text\">\r\n                        <i aria-hidden=\"true\" class=\"fas fa-user-friends\"><\/i>                                                Pareja                        <i class=\"ct-icon-accordion\"><\/i>\r\n                    <\/a>\r\n                <\/div>\r\n                <div id=\"24c0501ct_accordion-e023479\" class=\"ct-ac-content\"><p>Toda relaci\u00f3n atraviesa desaf\u00edos, pero con el apoyo adecuado, el amor puede fortalecerse y crecer seg\u00fan el plan de Dios. La terapia de pareja ayuda a mejorar la comunicaci\u00f3n, resolver conflictos y reencontrar la armon\u00eda en la relaci\u00f3n.<\/p><\/div>\r\n            <\/div>\r\n                    <div class=\"ct-accordion-item \">\r\n                <div class=\"ct-ac-title \" data-target=\"#84f5ed6ct_accordion-e023479\">\r\n                    <a class=\"ct-ac-title-text\">\r\n                        <i aria-hidden=\"true\" class=\"fas fa-users\"><\/i>                                                Familiar                        <i class=\"ct-icon-accordion\"><\/i>\r\n                    <\/a>\r\n                <\/div>\r\n                <div id=\"84f5ed6ct_accordion-e023479\" class=\"ct-ac-content\"><p>La familia es el primer espacio de amor y crecimiento. La terapia familiar ayuda a fortalecer los lazos, resolver conflictos y crear un ambiente de comprensi\u00f3n y respeto seg\u00fan el plan de Dios.<\/p><\/div>\r\n            <\/div>\r\n                    <div class=\"ct-accordion-item \">\r\n                <div class=\"ct-ac-title \" data-target=\"#5b358dfct_accordion-e023479\">\r\n                    <a class=\"ct-ac-title-text\">\r\n                        <i aria-hidden=\"true\" class=\"fas fa-users\"><\/i>                                                Sacerdotes, religiosos y religiosas                        <i class=\"ct-icon-accordion\"><\/i>\r\n                    <\/a>\r\n                <\/div>\r\n                <div id=\"5b358dfct_accordion-e023479\" class=\"ct-ac-content\"><p>La terapia para sacerdotes, religiosos y religiosas favorece el trabajo cognitivo, emocional, relaci\u00f3n y de autocuidado para \u00a0\u00a0el ejercicio de su ministerio en la comunidad.<\/p><\/div>\r\n            <\/div>\r\n                    <div class=\"ct-accordion-item \">\r\n                <div class=\"ct-ac-title \" data-target=\"#874ce69ct_accordion-e023479\">\r\n                    <a class=\"ct-ac-title-text\">\r\n                        <i aria-hidden=\"true\" class=\"fas fa-users\"><\/i>                                                Grupos                        <i class=\"ct-icon-accordion\"><\/i>\r\n                    <\/a>\r\n                <\/div>\r\n                <div id=\"874ce69ct_accordion-e023479\" class=\"ct-ac-content\"><p>La terapia de grupo permite compartir experiencias, aprender de otros y fortalecer tu crecimiento personal en un ambiente de apoyo, comprensi\u00f3n y fe. Ofrecemos un espacio seguro donde se fomenta la escucha, la empat\u00eda y el aprendizaje mutuo.<\/p><\/div>\r\n            <\/div>\r\n            <\/div>\r\n    \t\t\t\t<\/div>\n\t\t\t\t<\/div>\n\t\t\t\t<div class=\"elementor-element elementor-element-78f3a28d elementor-widget elementor-widget-image\" data-id=\"78f3a28d\" data-element_type=\"widget\" data-widget_type=\"image.default\">\n\t\t\t\t<div class=\"elementor-widget-container\">\n\t\t\t\t\t\t\t\t\t\t\t\t\t\t\t<img decoding=\"async\" width=\"350\" height=\"1\" src=\"https:\/\/psicologoscatolicos.com.mx\/wp-content\/uploads\/2019\/12\/about-gap.png\" class=\"attachment-full size-full wp-image-1896\" alt=\"\" srcset=\"https:\/\/psicologoscatolicos.com.mx\/wp-content\/uploads\/2019\/12\/about-gap.png 350w, https:\/\/psicologoscatolicos.com.mx\/wp-content\/uploads\/2019\/12\/about-gap-300x1.png 300w, https:\/\/psicologoscatolicos.com.mx\/wp-content\/uploads\/2019\/12\/about-gap-150x1.png 150w, https:\/\/psicologoscatolicos.com.mx\/wp-content\/uploads\/2019\/12\/about-gap-250x1.png 250w\" sizes=\"(max-width: 350px) 100vw, 350px\" \/>\t\t\t\t\t\t\t\t\t\t\t\t\t\t\t<\/div>\n\t\t\t\t<\/div>\n\t\t            <\/div>\n        <\/div>\n                <div class=\"elementor-column elementor-col-50 elementor-top-column elementor-element elementor-element-1bb8bef0\" data-id=\"1bb8bef0\" data-element_type=\"column\">\n        <div class=\"elementor-widget-wrap elementor-element-populated\">\n                    \n        \t\t<div class=\"elementor-element elementor-element-f7ccd00 elementor-widget elementor-widget-ct_image\" data-id=\"f7ccd00\" data-element_type=\"widget\" data-widget_type=\"ct_image.default\">\n\t\t\t\t<div class=\"elementor-widget-container\">\n\t\t\t\t\t<div class=\"ct-image-single img-type-img ct-no-effect  \" data-wow-delay=\"ms\">\r\n                        <img fetchpriority=\"high\" decoding=\"async\" width=\"451\" height=\"610\" src=\"https:\/\/psicologoscatolicos.com.mx\/wp-content\/uploads\/2025\/02\/f4.jpg\" class=\"attachment-full\" alt=\"\" \/>            <\/div>\t\t\t\t<\/div>\n\t\t\t\t<\/div>\n\t\t            <\/div>\n        <\/div>\n                    <\/div>\n        <\/section>\n                <section class=\"elementor-section elementor-top-section elementor-element elementor-element-ab424b4 elementor-section-stretched elementor-section-boxed elementor-section-height-default elementor-section-height-default ct-header-fixed-none ct-row-max-none\" data-id=\"ab424b4\" data-element_type=\"section\" data-settings=\"{&quot;stretch_section&quot;:&quot;section-stretched&quot;,&quot;background_background&quot;:&quot;classic&quot;}\">\n                            <div class=\"elementor-background-overlay\"><\/div>\n                \n                        <div class=\"elementor-container elementor-column-gap-extended \">\n                    <div class=\"elementor-column elementor-col-100 elementor-top-column elementor-element elementor-element-5f84c999\" data-id=\"5f84c999\" data-element_type=\"column\">\n        <div class=\"elementor-widget-wrap elementor-element-populated\">\n                    \n                <section class=\"elementor-section elementor-inner-section elementor-element elementor-element-4231d897 elementor-section-content-middle elementor-section-boxed elementor-section-height-default elementor-section-height-default ct-header-fixed-none ct-row-max-none\" data-id=\"4231d897\" data-element_type=\"section\">\n            \n                        <div class=\"elementor-container elementor-column-gap-extended \">\n                    <div class=\"elementor-column elementor-col-50 elementor-inner-column elementor-element elementor-element-34063be\" data-id=\"34063be\" data-element_type=\"column\">\n        <div class=\"elementor-widget-wrap elementor-element-populated\">\n                    \n        \t\t<div class=\"elementor-element elementor-element-49f0f03c elementor-widget elementor-widget-ct_heading\" data-id=\"49f0f03c\" data-element_type=\"widget\" data-widget_type=\"ct_heading.default\">\n\t\t\t\t<div class=\"elementor-widget-container\">\n\t\t\t\t\t<div id=\"ct_heading-49f0f03c\" class=\"ct-heading h-align- sub- ct-heading-left item-st-line-left1\">\r\n\t<div class=\"ct-item--inner\">\r\n        <div class=\"ct-inline-css\"  data-css=\"\r\n            \">\r\n        <\/div>\r\n                <h3 class=\"item--title st-line-left1 case-animate-time\" data-wow-delay=\"ms\">\r\n                        <span class=\"sp-main\">\r\n                                    <i><\/i>\r\n                \r\n                Conoce a nuestra comunidad de colaboradores expertos \r\n                \r\n                            <\/span>\r\n                    <\/h3>\r\n    <\/div>\r\n<\/div>\t\t\t\t<\/div>\n\t\t\t\t<\/div>\n\t\t            <\/div>\n        <\/div>\n                <div class=\"elementor-column elementor-col-50 elementor-inner-column elementor-element elementor-element-5aaace\" data-id=\"5aaace\" data-element_type=\"column\">\n        <div class=\"elementor-widget-wrap elementor-element-populated\">\n                    \n        \t\t<div class=\"elementor-element elementor-element-22cb68e3 elementor-widget elementor-widget-text-editor\" data-id=\"22cb68e3\" data-element_type=\"widget\" data-widget_type=\"text-editor.default\">\n\t\t\t\t<div class=\"elementor-widget-container\">\n\t\t\t\t\t\t\t\t\t<p>Personas con un mismo sentido de compromiso social y una f\u00e9 inquebrantable<\/p>\t\t\t\t\t\t\t\t<\/div>\n\t\t\t\t<\/div>\n\t\t\t\t<div class=\"elementor-element elementor-element-bec8fa7 elementor-widget elementor-widget-ct_button\" data-id=\"bec8fa7\" data-element_type=\"widget\" data-widget_type=\"ct_button.default\">\n\t\t\t\t<div class=\"elementor-widget-container\">\n\t\t\t\t\t<div id=\"ct_button-bec8fa7\" class=\"ct-button-wrapper ct-button-layout1 icon- btn--inline \">\r\n    <div class=\"ct-inline-css\"  data-css=\"\r\n        \">\r\n    <\/div>\r\n            <span class=\"ct-icon-active\"><\/span>\r\n        <a href=\"https:\/\/psicologoscatolicos.com.mx\/index.php\/colaboradores\/\" class=\"btn btn-default icon-active btn-inline-block  \" data-wow-delay=\"ms\">\r\n                            <span class=\"ct-button-icon ct-align-icon-\">\r\n                            <\/span>\r\n                <span class=\"ct-button-text\">Ver<\/span>\r\n    <\/a>\r\n<\/div>\t\t\t\t<\/div>\n\t\t\t\t<\/div>\n\t\t            <\/div>\n        <\/div>\n                    <\/div>\n        <\/section>\n                    <\/div>\n        <\/div>\n                    <\/div>\n        <\/section>\n        \t\t<\/div>\n\t\t","protected":false},"excerpt":{"rendered":"<p>Tipos de terapia Individual Un espacio personal donde podr\u00e1s comprenderte mejor, superar dificultades y fortalecer tu bienestar emocional y espiritual. Si te sientes abrumado, ansioso, triste o simplemente deseas conocerte m\u00e1s, la terapia individual te brinda herramientas para avanzar con claridad. Pareja Toda relaci\u00f3n atraviesa desaf\u00edos, pero con el apoyo adecuado, el amor puede fortalecerse [&hellip;]<\/p>\n","protected":false},"author":1,"featured_media":0,"parent":0,"menu_order":0,"comment_status":"closed","ping_status":"closed","template":"","meta":{"footnotes":""},"class_list":["post-4767","page","type-page","status-publish","hentry"],"_links":{"self":[{"href":"https:\/\/psicologoscatolicos.com.mx\/index.php\/wp-json\/wp\/v2\/pages\/4767","targetHints":{"allow":["GET"]}}],"collection":[{"href":"https:\/\/psicologoscatolicos.com.mx\/index.php\/wp-json\/wp\/v2\/pages"}],"about":[{"href":"https:\/\/psicologoscatolicos.com.mx\/index.php\/wp-json\/wp\/v2\/types\/page"}],"author":[{"embeddable":true,"href":"https:\/\/psicologoscatolicos.com.mx\/index.php\/wp-json\/wp\/v2\/users\/1"}],"replies":[{"embeddable":true,"href":"https:\/\/psicologoscatolicos.com.mx\/index.php\/wp-json\/wp\/v2\/comments?post=4767"}],"version-history":[{"count":18,"href":"https:\/\/psicologoscatolicos.com.mx\/index.php\/wp-json\/wp\/v2\/pages\/4767\/revisions"}],"predecessor-version":[{"id":4793,"href":"https:\/\/psicologoscatolicos.com.mx\/index.php\/wp-json\/wp\/v2\/pages\/4767\/revisions\/4793"}],"wp:attachment":[{"href":"https:\/\/psicologoscatolicos.com.mx\/index.php\/wp-json\/wp\/v2\/media?parent=4767"}],"curies":[{"name":"wp","href":"https:\/\/api.w.org\/{rel}","templated":true}]}}