{"id":4432,"date":"2025-02-19T15:51:54","date_gmt":"2025-02-19T22:51:54","guid":{"rendered":"https:\/\/psicologoscatolicos.com.mx\/?page_id=4432"},"modified":"2025-07-18T09:01:52","modified_gmt":"2025-07-18T15:01:52","slug":"colaboradores","status":"publish","type":"page","link":"https:\/\/psicologoscatolicos.com.mx\/index.php\/colaboradores\/","title":{"rendered":"Colaboradores"},"content":{"rendered":"\t\t<div data-elementor-type=\"wp-page\" data-elementor-id=\"4432\" class=\"elementor elementor-4432\">\n\t\t\t\t        <section class=\"elementor-section elementor-top-section elementor-element elementor-element-8c17192 elementor-section-stretched elementor-section-boxed elementor-section-height-default elementor-section-height-default ct-header-fixed-none ct-row-max-none\" data-id=\"8c17192\" data-element_type=\"section\" data-settings=\"{&quot;stretch_section&quot;:&quot;section-stretched&quot;,&quot;background_background&quot;:&quot;classic&quot;}\">\n            \n                        <div class=\"elementor-container elementor-column-gap-extended \">\n                    <div class=\"elementor-column elementor-col-100 elementor-top-column elementor-element elementor-element-a445675\" data-id=\"a445675\" data-element_type=\"column\">\n        <div class=\"elementor-widget-wrap elementor-element-populated\">\n                    \n                <section class=\"elementor-section elementor-inner-section elementor-element elementor-element-94d2f1d elementor-section-content-middle elementor-section-boxed elementor-section-height-default elementor-section-height-default ct-header-fixed-none ct-row-max-none\" data-id=\"94d2f1d\" data-element_type=\"section\">\n            \n                        <div class=\"elementor-container elementor-column-gap-extended \">\n                    <div class=\"elementor-column elementor-col-50 elementor-inner-column elementor-element elementor-element-6cb3f0d\" data-id=\"6cb3f0d\" data-element_type=\"column\">\n        <div class=\"elementor-widget-wrap elementor-element-populated\">\n                    \n        \t\t<div class=\"elementor-element elementor-element-5e7c953 elementor-widget elementor-widget-ct_heading\" data-id=\"5e7c953\" data-element_type=\"widget\" data-widget_type=\"ct_heading.default\">\n\t\t\t\t<div class=\"elementor-widget-container\">\n\t\t\t\t\t<div id=\"ct_heading-5e7c953\" class=\"ct-heading h-align- sub- ct-heading-left item-st-line-left1\">\r\n\t<div class=\"ct-item--inner\">\r\n        <div class=\"ct-inline-css\"  data-css=\"\r\n            \">\r\n        <\/div>\r\n                <h3 class=\"item--title st-line-left1 case-animate-time\" data-wow-delay=\"ms\">\r\n                        <span class=\"sp-main\">\r\n                                    <i><\/i>\r\n                \r\n                Agenda una cita con uno de nuestros colaboradores con formaci\u00f3n acad\u00e9mica y afinidad a la doctrina cat\u00f3lica\r\n                \r\n                            <\/span>\r\n                    <\/h3>\r\n    <\/div>\r\n<\/div>\t\t\t\t<\/div>\n\t\t\t\t<\/div>\n\t\t            <\/div>\n        <\/div>\n                <div class=\"elementor-column elementor-col-50 elementor-inner-column elementor-element elementor-element-cfdc757\" data-id=\"cfdc757\" data-element_type=\"column\">\n        <div class=\"elementor-widget-wrap elementor-element-populated\">\n                    \n        \t\t<div class=\"elementor-element elementor-element-828f9d3 elementor-widget elementor-widget-ct_text_editor\" data-id=\"828f9d3\" data-element_type=\"widget\" data-widget_type=\"ct_text_editor.default\">\n\t\t\t\t<div class=\"elementor-widget-container\">\n\t\t\t\t\t<div id=\"ct_text_editor-828f9d3\" class=\"ct-text-editor \" data-wow-delay=\"ms\">\n\t<div class=\"ct-item--inner\">\n\t\t<div class=\"ct-inline-css\"  data-css=\"\n\t        \t\t\t\">\n\n\t    <\/div>\n\t\t<div class=\"ct-text-editor elementor-clearfix\">\n\t\t\t<p>Conoce la comunidad de psicoterapeutas al servicio de tu salud mental.<\/p>\t\t\n\t\t<\/div>\n\t<\/div>\n<\/div>\t\t\t\t<\/div>\n\t\t\t\t<\/div>\n\t\t            <\/div>\n        <\/div>\n                    <\/div>\n        <\/section>\n        \t\t<div class=\"elementor-element elementor-element-8a0a04a elementor-widget elementor-widget-ct_team_grid\" data-id=\"8a0a04a\" data-element_type=\"widget\" data-widget_type=\"ct_team_grid.default\">\n\t\t\t\t<div class=\"elementor-widget-container\">\n\t\t\t\t\t    <div class=\"ct-grid ct-team-grid ct-team-grid4\">\r\n        <div class=\"ct-grid-inner ct-grid-masonry row animate-time\" data-gutter=\"15\">\r\n                            <div class=\"grid-item col-xl-3 col-lg-3 col-md-6 col-sm-6 col-12\">\r\n                    <div class=\"item--inner wow fadeInUp\">\r\n                                                    <div class=\"item--image\">\r\n                                <a href=\"https:\/\/psicologoscatolicos.com.mx\/index.php\/nemesio-martin-marin-gonzalez\/\"><img fetchpriority=\"high\" decoding=\"async\" class=\"disable-lazy \" src=\"https:\/\/psicologoscatolicos.com.mx\/wp-content\/uploads\/2025\/02\/WhatsApp-Image-2025-02-17-at-3.07.13-PM-267x352.jpeg\" width=\"267\" height=\"352\" alt=\"WhatsApp Image 2025-02-17 at 3.07.13 PM\" title=\"WhatsApp Image 2025-02-17 at 3.07.13 PM\" \/><\/a>\r\n                            <\/div>\r\n                                                <div class=\"item--holder\">\r\n                            <div class=\"item--holder-inner\">\r\n                                <h3 class=\"item--title\">    \r\n                                    <a href=\"https:\/\/psicologoscatolicos.com.mx\/index.php\/nemesio-martin-marin-gonzalez\/\">Nemesio Mar\u00edn Gonz\u00e1les<\/a>\r\n                                <\/h3>\r\n                                <div class=\"item--position\">JOVENES \/ ADULTOS \/ PAREJAS \/ SACERDOTES Y RELIGIOSAS<\/div>\r\n                                <ul class=\"item--social\">\r\n                                                                                <li>\r\n                                                <a href=\"#\" target=\"_blank\"><i class=\"\"><\/i><\/a>\r\n                                            <\/li>\r\n                                                                                    <li>\r\n                                                <a href=\"#\" target=\"_blank\"><i class=\"\"><\/i><\/a>\r\n                                            <\/li>\r\n                                                                                    <li>\r\n                                                <a href=\"#\" target=\"_blank\"><i class=\"\"><\/i><\/a>\r\n                                            <\/li>\r\n                                                                                    <li>\r\n                                                <a href=\"#\" target=\"_blank\"><i class=\"\"><\/i><\/a>\r\n                                            <\/li>\r\n                                                                        <\/ul>\r\n                            <\/div>\r\n                        <\/div>\r\n                    <\/div>\r\n                <\/div>\r\n                            <div class=\"grid-item col-xl-3 col-lg-3 col-md-6 col-sm-6 col-12\">\r\n                    <div class=\"item--inner wow fadeInUp\">\r\n                                                    <div class=\"item--image\">\r\n                                <a href=\"https:\/\/psicologoscatolicos.com.mx\/index.php\/maria-del-carmen-guerrero-flores\/\"><img decoding=\"async\" class=\"disable-lazy \" src=\"https:\/\/psicologoscatolicos.com.mx\/wp-content\/uploads\/2025\/02\/WhatsApp-Image-2025-02-17-at-3.07.50-PM-267x352.jpeg\" width=\"267\" height=\"352\" alt=\"WhatsApp Image 2025-02-17 at 3.07.50 PM\" title=\"WhatsApp Image 2025-02-17 at 3.07.50 PM\" \/><\/a>\r\n                            <\/div>\r\n                                                <div class=\"item--holder\">\r\n                            <div class=\"item--holder-inner\">\r\n                                <h3 class=\"item--title\">    \r\n                                    <a href=\"https:\/\/psicologoscatolicos.com.mx\/index.php\/maria-del-carmen-guerrero-flores\/\">Mar\u00eda del Carmen Guerrero<\/a>\r\n                                <\/h3>\r\n                                <div class=\"item--position\">NI\u00d1OS \/ JOVENES \/ ADULTOS \/ MATRIMONIOS<\/div>\r\n                                <ul class=\"item--social\">\r\n                                                                                <li>\r\n                                                <a href=\"#\" target=\"_blank\"><i class=\"\"><\/i><\/a>\r\n                                            <\/li>\r\n                                                                                    <li>\r\n                                                <a href=\"#\" target=\"_blank\"><i class=\"\"><\/i><\/a>\r\n                                            <\/li>\r\n                                                                                    <li>\r\n                                                <a href=\"#\" target=\"_blank\"><i class=\"\"><\/i><\/a>\r\n                                            <\/li>\r\n                                                                                    <li>\r\n                                                <a href=\"#\" target=\"_blank\"><i class=\"\"><\/i><\/a>\r\n                                            <\/li>\r\n                                                                        <\/ul>\r\n                            <\/div>\r\n                        <\/div>\r\n                    <\/div>\r\n                <\/div>\r\n                            <div class=\"grid-item col-xl-3 col-lg-3 col-md-6 col-sm-6 col-12\">\r\n                    <div class=\"item--inner wow fadeInUp\">\r\n                                                    <div class=\"item--image\">\r\n                                <a href=\"https:\/\/psicologoscatolicos.com.mx\/index.php\/jose-antonio-guerrero-flores\/\"><img decoding=\"async\" class=\"disable-lazy \" src=\"https:\/\/psicologoscatolicos.com.mx\/wp-content\/uploads\/2025\/04\/c4-267x352.jpeg\" width=\"267\" height=\"352\" alt=\"c4\" title=\"c4\" \/><\/a>\r\n                            <\/div>\r\n                                                <div class=\"item--holder\">\r\n                            <div class=\"item--holder-inner\">\r\n                                <h3 class=\"item--title\">    \r\n                                    <a href=\"https:\/\/psicologoscatolicos.com.mx\/index.php\/jose-antonio-guerrero-flores\/\">Jose Antonio Guerrero Flores<\/a>\r\n                                <\/h3>\r\n                                <div class=\"item--position\">ADOLESCENTES \/ JOVENES \/ ADULTOS \/ PAREJAS<\/div>\r\n                                <ul class=\"item--social\">\r\n                                                                                <li>\r\n                                                <a href=\"#\" target=\"_blank\"><i class=\"\"><\/i><\/a>\r\n                                            <\/li>\r\n                                                                                    <li>\r\n                                                <a href=\"#\" target=\"_blank\"><i class=\"\"><\/i><\/a>\r\n                                            <\/li>\r\n                                                                                    <li>\r\n                                                <a href=\"#\" target=\"_blank\"><i class=\"\"><\/i><\/a>\r\n                                            <\/li>\r\n                                                                                    <li>\r\n                                                <a href=\"#\" target=\"_blank\"><i class=\"\"><\/i><\/a>\r\n                                            <\/li>\r\n                                                                        <\/ul>\r\n                            <\/div>\r\n                        <\/div>\r\n                    <\/div>\r\n                <\/div>\r\n                            <div class=\"grid-item col-xl-3 col-lg-3 col-md-6 col-sm-6 col-12\">\r\n                    <div class=\"item--inner wow fadeInUp\">\r\n                                                    <div class=\"item--image\">\r\n                                <a href=\"https:\/\/psicologoscatolicos.com.mx\/index.php\/juan-jesus-hernandez-vazquez\/\"><img loading=\"lazy\" decoding=\"async\" class=\"disable-lazy \" src=\"https:\/\/psicologoscatolicos.com.mx\/wp-content\/uploads\/2025\/04\/juan-jesus-267x352.jpeg\" width=\"267\" height=\"352\" alt=\"juan jesus\" title=\"juan jesus\" \/><\/a>\r\n                            <\/div>\r\n                                                <div class=\"item--holder\">\r\n                            <div class=\"item--holder-inner\">\r\n                                <h3 class=\"item--title\">    \r\n                                    <a href=\"https:\/\/psicologoscatolicos.com.mx\/index.php\/juan-jesus-hernandez-vazquez\/\">Juan Jesus Hernandez Vazquez<\/a>\r\n                                <\/h3>\r\n                                <div class=\"item--position\">NI\u00d1OS \/ JOVENES \/ ADULTOS \/ FAMILIAR<\/div>\r\n                                <ul class=\"item--social\">\r\n                                                                                <li>\r\n                                                <a href=\"#\" target=\"_blank\"><i class=\"\"><\/i><\/a>\r\n                                            <\/li>\r\n                                                                                    <li>\r\n                                                <a href=\"#\" target=\"_blank\"><i class=\"\"><\/i><\/a>\r\n                                            <\/li>\r\n                                                                                    <li>\r\n                                                <a href=\"#\" target=\"_blank\"><i class=\"\"><\/i><\/a>\r\n                                            <\/li>\r\n                                                                                    <li>\r\n                                                <a href=\"#\" target=\"_blank\"><i class=\"\"><\/i><\/a>\r\n                                            <\/li>\r\n                                                                        <\/ul>\r\n                            <\/div>\r\n                        <\/div>\r\n                    <\/div>\r\n                <\/div>\r\n                            <div class=\"grid-item col-xl-3 col-lg-3 col-md-6 col-sm-6 col-12\">\r\n                    <div class=\"item--inner wow fadeInUp\">\r\n                                                    <div class=\"item--image\">\r\n                                <a href=\"https:\/\/psicologoscatolicos.com.mx\/index.php\/beatriz-eugenia-quinonez-mena\/\"><img loading=\"lazy\" decoding=\"async\" class=\"disable-lazy \" src=\"https:\/\/psicologoscatolicos.com.mx\/wp-content\/uploads\/2025\/04\/beatriz-267x352.jpeg\" width=\"267\" height=\"352\" alt=\"beatriz\" title=\"beatriz\" \/><\/a>\r\n                            <\/div>\r\n                                                <div class=\"item--holder\">\r\n                            <div class=\"item--holder-inner\">\r\n                                <h3 class=\"item--title\">    \r\n                                    <a href=\"https:\/\/psicologoscatolicos.com.mx\/index.php\/beatriz-eugenia-quinonez-mena\/\">Beatriz Eugenia Qui\u00f1onez Mena<\/a>\r\n                                <\/h3>\r\n                                <div class=\"item--position\">ADOLESCENTES \/ JOVENES \/ ADULTOS \/ FAMILIAR<\/div>\r\n                                <ul class=\"item--social\">\r\n                                                                                <li>\r\n                                                <a href=\"#\" target=\"_blank\"><i class=\"\"><\/i><\/a>\r\n                                            <\/li>\r\n                                                                                    <li>\r\n                                                <a href=\"#\" target=\"_blank\"><i class=\"\"><\/i><\/a>\r\n                                            <\/li>\r\n                                                                                    <li>\r\n                                                <a href=\"#\" target=\"_blank\"><i class=\"\"><\/i><\/a>\r\n                                            <\/li>\r\n                                                                                    <li>\r\n                                                <a href=\"#\" target=\"_blank\"><i class=\"\"><\/i><\/a>\r\n                                            <\/li>\r\n                                                                        <\/ul>\r\n                            <\/div>\r\n                        <\/div>\r\n                    <\/div>\r\n                <\/div>\r\n                            <div class=\"grid-item col-xl-3 col-lg-3 col-md-6 col-sm-6 col-12\">\r\n                    <div class=\"item--inner wow fadeInUp\">\r\n                                                    <div class=\"item--image\">\r\n                                <a href=\"https:\/\/psicologoscatolicos.com.mx\/index.php\/maria-angelica-mercado-muniz\/\"><img loading=\"lazy\" decoding=\"async\" class=\"disable-lazy \" src=\"https:\/\/psicologoscatolicos.com.mx\/wp-content\/uploads\/2025\/05\/2025-05-30_10h10_16-267x352.png\" width=\"267\" height=\"352\" alt=\"2025-05-30_10h10_16\" title=\"2025-05-30_10h10_16\" \/><\/a>\r\n                            <\/div>\r\n                                                <div class=\"item--holder\">\r\n                            <div class=\"item--holder-inner\">\r\n                                <h3 class=\"item--title\">    \r\n                                    <a href=\"https:\/\/psicologoscatolicos.com.mx\/index.php\/maria-angelica-mercado-muniz\/\">Hna. Maria Angelica Mercado Mu\u00f1iz<\/a>\r\n                                <\/h3>\r\n                                <div class=\"item--position\">ADOLESCENTES \/ JOVENES \/ ADULTOS<\/div>\r\n                                <ul class=\"item--social\">\r\n                                                                                <li>\r\n                                                <a href=\"#\" target=\"_blank\"><i class=\"\"><\/i><\/a>\r\n                                            <\/li>\r\n                                                                                    <li>\r\n                                                <a href=\"#\" target=\"_blank\"><i class=\"\"><\/i><\/a>\r\n                                            <\/li>\r\n                                                                                    <li>\r\n                                                <a href=\"#\" target=\"_blank\"><i class=\"\"><\/i><\/a>\r\n                                            <\/li>\r\n                                                                                    <li>\r\n                                                <a href=\"#\" target=\"_blank\"><i class=\"\"><\/i><\/a>\r\n                                            <\/li>\r\n                                                                        <\/ul>\r\n                            <\/div>\r\n                        <\/div>\r\n                    <\/div>\r\n                <\/div>\r\n                            <div class=\"grid-item col-xl-3 col-lg-3 col-md-6 col-sm-6 col-12\">\r\n                    <div class=\"item--inner wow fadeInUp\">\r\n                                                    <div class=\"item--image\">\r\n                                <a href=\"https:\/\/psicologoscatolicos.com.mx\/index.php\/maria-del-refugio-rosas-martinez\/\"><img loading=\"lazy\" decoding=\"async\" class=\"disable-lazy \" src=\"https:\/\/psicologoscatolicos.com.mx\/wp-content\/uploads\/2025\/05\/2025-05-30_10h08_34-267x352.png\" width=\"267\" height=\"352\" alt=\"2025-05-30_10h08_34\" title=\"2025-05-30_10h08_34\" \/><\/a>\r\n                            <\/div>\r\n                                                <div class=\"item--holder\">\r\n                            <div class=\"item--holder-inner\">\r\n                                <h3 class=\"item--title\">    \r\n                                    <a href=\"https:\/\/psicologoscatolicos.com.mx\/index.php\/maria-del-refugio-rosas-martinez\/\">Hna. Maria del Refugio Rosas Martinez<\/a>\r\n                                <\/h3>\r\n                                <div class=\"item--position\">Hermanas religiosas y mujeres en situacion vulnerable<\/div>\r\n                                <ul class=\"item--social\">\r\n                                                                                <li>\r\n                                                <a href=\"#\" target=\"_blank\"><i class=\"\"><\/i><\/a>\r\n                                            <\/li>\r\n                                                                                    <li>\r\n                                                <a href=\"#\" target=\"_blank\"><i class=\"\"><\/i><\/a>\r\n                                            <\/li>\r\n                                                                                    <li>\r\n                                                <a href=\"#\" target=\"_blank\"><i class=\"\"><\/i><\/a>\r\n                                            <\/li>\r\n                                                                                    <li>\r\n                                                <a href=\"#\" target=\"_blank\"><i class=\"\"><\/i><\/a>\r\n                                            <\/li>\r\n                                                                        <\/ul>\r\n                            <\/div>\r\n                        <\/div>\r\n                    <\/div>\r\n                <\/div>\r\n                            <div class=\"grid-item col-xl-3 col-lg-3 col-md-6 col-sm-6 col-12\">\r\n                    <div class=\"item--inner wow fadeInUp\">\r\n                                                    <div class=\"item--image\">\r\n                                <a href=\"https:\/\/psicologoscatolicos.com.mx\/index.php\/maria-araceli-lopez-flores\/\"><img loading=\"lazy\" decoding=\"async\" class=\"disable-lazy \" src=\"https:\/\/psicologoscatolicos.com.mx\/wp-content\/uploads\/2025\/04\/maria-araceli.png\" width=\"143\" height=\"146\" alt=\"maria araceli\" title=\"maria araceli\" \/><\/a>\r\n                            <\/div>\r\n                                                <div class=\"item--holder\">\r\n                            <div class=\"item--holder-inner\">\r\n                                <h3 class=\"item--title\">    \r\n                                    <a href=\"https:\/\/psicologoscatolicos.com.mx\/index.php\/maria-araceli-lopez-flores\/\">Maria Araceli Lopez Flores<\/a>\r\n                                <\/h3>\r\n                                <div class=\"item--position\">JOVENES \/ ADULTOS<\/div>\r\n                                <ul class=\"item--social\">\r\n                                                                                <li>\r\n                                                <a href=\"#\" target=\"_blank\"><i class=\"\"><\/i><\/a>\r\n                                            <\/li>\r\n                                                                                    <li>\r\n                                                <a href=\"#\" target=\"_blank\"><i class=\"\"><\/i><\/a>\r\n                                            <\/li>\r\n                                                                                    <li>\r\n                                                <a href=\"#\" target=\"_blank\"><i class=\"\"><\/i><\/a>\r\n                                            <\/li>\r\n                                                                                    <li>\r\n                                                <a href=\"#\" target=\"_blank\"><i class=\"\"><\/i><\/a>\r\n                                            <\/li>\r\n                                                                        <\/ul>\r\n                            <\/div>\r\n                        <\/div>\r\n                    <\/div>\r\n                <\/div>\r\n                        <div class=\"grid-sizer col-xl-3 col-lg-3 col-md-6 col-sm-6 col-12\"><\/div>\r\n        <\/div>\r\n    <\/div>\r\n\t\t\t\t<\/div>\n\t\t\t\t<\/div>\n\t\t            <\/div>\n        <\/div>\n                    <\/div>\n        <\/section>\n        \t\t<\/div>\n\t\t","protected":false},"excerpt":{"rendered":"<p>Agenda una cita con uno de nuestros colaboradores con formaci\u00f3n acad\u00e9mica y afinidad a la doctrina cat\u00f3lica Conoce la comunidad de psicoterapeutas al servicio de tu salud mental. Nemesio Mar\u00edn Gonz\u00e1les JOVENES \/ ADULTOS \/ PAREJAS \/ SACERDOTES Y RELIGIOSAS Mar\u00eda del Carmen Guerrero NI\u00d1OS \/ JOVENES \/ ADULTOS \/ MATRIMONIOS Jose Antonio Guerrero Flores [&hellip;]<\/p>\n","protected":false},"author":1,"featured_media":0,"parent":0,"menu_order":0,"comment_status":"closed","ping_status":"closed","template":"","meta":{"footnotes":""},"class_list":["post-4432","page","type-page","status-publish","hentry"],"_links":{"self":[{"href":"https:\/\/psicologoscatolicos.com.mx\/index.php\/wp-json\/wp\/v2\/pages\/4432","targetHints":{"allow":["GET"]}}],"collection":[{"href":"https:\/\/psicologoscatolicos.com.mx\/index.php\/wp-json\/wp\/v2\/pages"}],"about":[{"href":"https:\/\/psicologoscatolicos.com.mx\/index.php\/wp-json\/wp\/v2\/types\/page"}],"author":[{"embeddable":true,"href":"https:\/\/psicologoscatolicos.com.mx\/index.php\/wp-json\/wp\/v2\/users\/1"}],"replies":[{"embeddable":true,"href":"https:\/\/psicologoscatolicos.com.mx\/index.php\/wp-json\/wp\/v2\/comments?post=4432"}],"version-history":[{"count":52,"href":"https:\/\/psicologoscatolicos.com.mx\/index.php\/wp-json\/wp\/v2\/pages\/4432\/revisions"}],"predecessor-version":[{"id":4975,"href":"https:\/\/psicologoscatolicos.com.mx\/index.php\/wp-json\/wp\/v2\/pages\/4432\/revisions\/4975"}],"wp:attachment":[{"href":"https:\/\/psicologoscatolicos.com.mx\/index.php\/wp-json\/wp\/v2\/media?parent=4432"}],"curies":[{"name":"wp","href":"https:\/\/api.w.org\/{rel}","templated":true}]}}